{"id":9990,"date":"2020-08-26T07:59:13","date_gmt":"2020-08-26T05:59:13","guid":{"rendered":"https:\/\/vivaiacciarri.it\/prodotti\/arbre-lagerstroemia-lythraceae\/"},"modified":"2020-08-26T07:59:13","modified_gmt":"2020-08-26T05:59:13","slug":"arbre-lagerstroemia-lythraceae","status":"publish","type":"product","link":"https:\/\/vivaiacciarri.it\/fr\/produits\/arbre-lagerstroemia-lythraceae\/","title":{"rendered":"Arbre Lagerstroemia (Lythraceae)"},"content":{"rendered":"","protected":false},"excerpt":{"rendered":"<p style=\"margin-bottom: 16px;\"><span class=\"fontstyle0\"><em><strong>Indica<\/strong><\/em><br \/>\n<\/span><span class=\"fontstyle1\">Arbre ou arbuste caduc originaire d&#8217;Asie du Sud-Est, il poss\u00e8de un tronc \u00e9cailleux qui prend une teinte brun rouge\u00e2tre. Ses fleurs apparaissent tout l&#8217;\u00e9t\u00e9, rassembl\u00e9es en grappes tr\u00e8s denses. En automne, il se distingue par son feuillage qui prend une teinte rouge\u00e2tre.<br \/>\n Belle couleur rouge-violet. Ses feuilles sont sessiles, oblongues et d&#8217;un vert d&#8217;intensit\u00e9 variable.   <\/span><\/p>\n<ul>\n<li><em><strong><span class=\"fontstyle3\">Viola Grassi :<\/span><\/strong><\/em> <span class=\"fontstyle1\">violet intense et brillant<\/span><\/li>\n<li><em><strong><span class=\"fontstyle3\">Rosea Grassi :<\/span><\/strong><\/em> <span class=\"fontstyle1\">rose double intense<\/span><\/li>\n<li><strong><em><span class=\"fontstyle3\">Nivea Grassi :<\/span><\/em><\/strong> <span class=\"fontstyle1\">blanc pur<\/span><\/li>\n<li><em><strong><span class=\"fontstyle3\">Rosea :<\/span><\/strong><\/em> <span class=\"fontstyle1\">rosier simple<\/span><\/li>\n<li><em><strong><span class=\"fontstyle3\">Coccinea :<\/span><\/strong><\/em> <span class=\"fontstyle1\">rose rouge sang<\/span><\/li>\n<\/ul>\n","protected":false},"featured_media":3470,"template":"","meta":{"ngg_post_thumbnail":0},"product_brand":[],"product_cat":[128],"product_tag":[],"class_list":{"0":"post-9990","1":"product","2":"type-product","3":"status-publish","4":"has-post-thumbnail","6":"product_cat-arbres","8":"first","9":"instock","10":"shipping-taxable","11":"purchasable","12":"product-type-variable"},"aioseo_notices":[],"_links":{"self":[{"href":"https:\/\/vivaiacciarri.it\/fr\/wp-json\/wp\/v2\/product\/9990","targetHints":{"allow":["GET"]}}],"collection":[{"href":"https:\/\/vivaiacciarri.it\/fr\/wp-json\/wp\/v2\/product"}],"about":[{"href":"https:\/\/vivaiacciarri.it\/fr\/wp-json\/wp\/v2\/types\/product"}],"wp:featuredmedia":[{"embeddable":true,"href":"https:\/\/vivaiacciarri.it\/fr\/wp-json\/wp\/v2\/media\/3470"}],"wp:attachment":[{"href":"https:\/\/vivaiacciarri.it\/fr\/wp-json\/wp\/v2\/media?parent=9990"}],"wp:term":[{"taxonomy":"product_brand","embeddable":true,"href":"https:\/\/vivaiacciarri.it\/fr\/wp-json\/wp\/v2\/product_brand?post=9990"},{"taxonomy":"product_cat","embeddable":true,"href":"https:\/\/vivaiacciarri.it\/fr\/wp-json\/wp\/v2\/product_cat?post=9990"},{"taxonomy":"product_tag","embeddable":true,"href":"https:\/\/vivaiacciarri.it\/fr\/wp-json\/wp\/v2\/product_tag?post=9990"}],"curies":[{"name":"wp","href":"https:\/\/api.w.org\/{rel}","templated":true}]}}