{"id":9854,"date":"2020-08-24T13:46:27","date_gmt":"2020-08-24T11:46:27","guid":{"rendered":"https:\/\/vivaiacciarri.it\/prodotti\/arbre-deucalyptus-myrtacees\/"},"modified":"2020-08-24T13:46:27","modified_gmt":"2020-08-24T11:46:27","slug":"arbre-deucalyptus-myrtacees","status":"publish","type":"product","link":"https:\/\/vivaiacciarri.it\/fr\/produits\/arbre-deucalyptus-myrtacees\/","title":{"rendered":"Arbre d&#8217;eucalyptus (Myrtac\u00e9es)"},"content":{"rendered":"","protected":false},"excerpt":{"rendered":"<p style=\"margin-bottom: 16px;\"><span class=\"fontstyle0\"><em><strong>Gunnii<\/strong><\/em><br \/>\n<\/span> <span class=\"fontstyle1\">Originaire de Tasmanie, c&#8217;est un arbre \u00e0 feuilles persistantes \u00e0 croissance vigoureuse.<br \/>\n Dans les premi\u00e8res ann\u00e9es de sa vie, il a des feuilles rondes, vertes glauques qui, avec le temps, deviennent elliptiques, lanc\u00e9ol\u00e9es, tendant vers le gris.<br \/>\n Le tronc est tr\u00e8s particulier car il se renouvelle chaque ann\u00e9e en se d\u00e9tachant des feuilles et en changeant continuellement de couleur du vert clair au brun.<\/span><\/p>\n","protected":false},"featured_media":3514,"template":"","meta":{"ngg_post_thumbnail":0},"product_brand":[],"product_cat":[128],"product_tag":[],"class_list":{"0":"post-9854","1":"product","2":"type-product","3":"status-publish","4":"has-post-thumbnail","6":"product_cat-arbres","8":"first","9":"instock","10":"shipping-taxable","11":"purchasable","12":"product-type-variable"},"aioseo_notices":[],"_links":{"self":[{"href":"https:\/\/vivaiacciarri.it\/fr\/wp-json\/wp\/v2\/product\/9854","targetHints":{"allow":["GET"]}}],"collection":[{"href":"https:\/\/vivaiacciarri.it\/fr\/wp-json\/wp\/v2\/product"}],"about":[{"href":"https:\/\/vivaiacciarri.it\/fr\/wp-json\/wp\/v2\/types\/product"}],"wp:featuredmedia":[{"embeddable":true,"href":"https:\/\/vivaiacciarri.it\/fr\/wp-json\/wp\/v2\/media\/3514"}],"wp:attachment":[{"href":"https:\/\/vivaiacciarri.it\/fr\/wp-json\/wp\/v2\/media?parent=9854"}],"wp:term":[{"taxonomy":"product_brand","embeddable":true,"href":"https:\/\/vivaiacciarri.it\/fr\/wp-json\/wp\/v2\/product_brand?post=9854"},{"taxonomy":"product_cat","embeddable":true,"href":"https:\/\/vivaiacciarri.it\/fr\/wp-json\/wp\/v2\/product_cat?post=9854"},{"taxonomy":"product_tag","embeddable":true,"href":"https:\/\/vivaiacciarri.it\/fr\/wp-json\/wp\/v2\/product_tag?post=9854"}],"curies":[{"name":"wp","href":"https:\/\/api.w.org\/{rel}","templated":true}]}}