{"id":9599,"date":"2020-07-20T18:18:25","date_gmt":"2020-07-20T16:18:25","guid":{"rendered":"https:\/\/vivaiacciarri.it\/prodotti\/diospyros-ebanacees\/"},"modified":"2020-07-20T18:18:25","modified_gmt":"2020-07-20T16:18:25","slug":"diospyros-ebanacees","status":"publish","type":"product","link":"https:\/\/vivaiacciarri.it\/fr\/produits\/diospyros-ebanacees\/","title":{"rendered":"Diospyros (Ebanac\u00e9es)"},"content":{"rendered":"","protected":false},"excerpt":{"rendered":"<p><strong>Kaki, Lotus<\/strong><br \/>\n Arbre fruitier caduc \u00e0 couronne compacte, grandes feuilles vertes et fruits ronds et oranges tr\u00e8s savoureux et pr\u00e9sents en grande quantit\u00e9.<\/p>\n","protected":false},"featured_media":4001,"template":"","meta":{"ngg_post_thumbnail":0},"product_brand":[],"product_cat":[128],"product_tag":[],"class_list":{"0":"post-9599","1":"product","2":"type-product","3":"status-publish","4":"has-post-thumbnail","6":"product_cat-arbres","8":"first","9":"instock","10":"shipping-taxable","11":"purchasable","12":"product-type-variable"},"aioseo_notices":[],"_links":{"self":[{"href":"https:\/\/vivaiacciarri.it\/fr\/wp-json\/wp\/v2\/product\/9599","targetHints":{"allow":["GET"]}}],"collection":[{"href":"https:\/\/vivaiacciarri.it\/fr\/wp-json\/wp\/v2\/product"}],"about":[{"href":"https:\/\/vivaiacciarri.it\/fr\/wp-json\/wp\/v2\/types\/product"}],"wp:featuredmedia":[{"embeddable":true,"href":"https:\/\/vivaiacciarri.it\/fr\/wp-json\/wp\/v2\/media\/4001"}],"wp:attachment":[{"href":"https:\/\/vivaiacciarri.it\/fr\/wp-json\/wp\/v2\/media?parent=9599"}],"wp:term":[{"taxonomy":"product_brand","embeddable":true,"href":"https:\/\/vivaiacciarri.it\/fr\/wp-json\/wp\/v2\/product_brand?post=9599"},{"taxonomy":"product_cat","embeddable":true,"href":"https:\/\/vivaiacciarri.it\/fr\/wp-json\/wp\/v2\/product_cat?post=9599"},{"taxonomy":"product_tag","embeddable":true,"href":"https:\/\/vivaiacciarri.it\/fr\/wp-json\/wp\/v2\/product_tag?post=9599"}],"curies":[{"name":"wp","href":"https:\/\/api.w.org\/{rel}","templated":true}]}}