{"id":9579,"date":"2020-07-20T18:01:37","date_gmt":"2020-07-20T16:01:37","guid":{"rendered":"https:\/\/vivaiacciarri.it\/prodotti\/cupressocyparis-cupressacees\/"},"modified":"2020-07-20T18:01:37","modified_gmt":"2020-07-20T16:01:37","slug":"cupressocyparis-cupressacees","status":"publish","type":"product","link":"https:\/\/vivaiacciarri.it\/fr\/produits\/cupressocyparis-cupressacees\/","title":{"rendered":"Cupressocyparis (Cupressac\u00e9es)"},"content":{"rendered":"","protected":false},"excerpt":{"rendered":"<p style=\"margin-bottom: 16px;\"><strong>Leylandii \u00e0 partir de boutures<\/strong><br \/>\n Originaire d&#8217;Europe du Nord, c&#8217;est, apr\u00e8s le laurier, la plante de haie la plus utilis\u00e9e dans le bassin m\u00e9diterran\u00e9en.<br \/>\n Il a un feuillage vert fonc\u00e9, une structure pyramidale et une croissance extraordinairement rapide.<\/p>\n","protected":false},"featured_media":3992,"template":"","meta":{"ngg_post_thumbnail":0},"product_brand":[],"product_cat":[128],"product_tag":[],"class_list":{"0":"post-9579","1":"product","2":"type-product","3":"status-publish","4":"has-post-thumbnail","6":"product_cat-arbres","8":"first","9":"instock","10":"shipping-taxable","11":"purchasable","12":"product-type-variable"},"aioseo_notices":[],"_links":{"self":[{"href":"https:\/\/vivaiacciarri.it\/fr\/wp-json\/wp\/v2\/product\/9579","targetHints":{"allow":["GET"]}}],"collection":[{"href":"https:\/\/vivaiacciarri.it\/fr\/wp-json\/wp\/v2\/product"}],"about":[{"href":"https:\/\/vivaiacciarri.it\/fr\/wp-json\/wp\/v2\/types\/product"}],"wp:featuredmedia":[{"embeddable":true,"href":"https:\/\/vivaiacciarri.it\/fr\/wp-json\/wp\/v2\/media\/3992"}],"wp:attachment":[{"href":"https:\/\/vivaiacciarri.it\/fr\/wp-json\/wp\/v2\/media?parent=9579"}],"wp:term":[{"taxonomy":"product_brand","embeddable":true,"href":"https:\/\/vivaiacciarri.it\/fr\/wp-json\/wp\/v2\/product_brand?post=9579"},{"taxonomy":"product_cat","embeddable":true,"href":"https:\/\/vivaiacciarri.it\/fr\/wp-json\/wp\/v2\/product_cat?post=9579"},{"taxonomy":"product_tag","embeddable":true,"href":"https:\/\/vivaiacciarri.it\/fr\/wp-json\/wp\/v2\/product_tag?post=9579"}],"curies":[{"name":"wp","href":"https:\/\/api.w.org\/{rel}","templated":true}]}}