{"id":9495,"date":"2020-07-20T17:20:15","date_gmt":"2020-07-20T15:20:15","guid":{"rendered":"https:\/\/vivaiacciarri.it\/prodotti\/agrumes-rutacees\/"},"modified":"2020-07-20T17:20:15","modified_gmt":"2020-07-20T15:20:15","slug":"agrumes-rutacees","status":"publish","type":"product","link":"https:\/\/vivaiacciarri.it\/fr\/produits\/agrumes-rutacees\/","title":{"rendered":"Agrumes (Rutac\u00e9es)"},"content":{"rendered":"","protected":false},"excerpt":{"rendered":"<p><strong>Sinensis<\/strong> , orange<br \/>\n<strong>D\u00e9licieux<\/strong> , mandarine<br \/>\n<strong>Paradis<\/strong> , pamplemousse<br \/>\n<strong>Medica<\/strong> , c\u00e8dre<br \/>\n<strong>Myrtyfolia<\/strong> , chinotto<br \/>\n<strong>Fortunella Margarita<\/strong> , mandarine chinoise<\/p>\n<p><strong>Aurantium, orange am\u00e8re<\/strong><br \/>\n Tr\u00e8s utilis\u00e9 pour les avenues bord\u00e9es d&#8217;arbres, c&#8217;est un arbre \u00e9pineux aux feuilles vertes brillantes, aux fleurs blanches tr\u00e8s parfum\u00e9es au printemps et aux gros fruits orange au go\u00fbt amer.<\/p>\n<p><strong>Limonum, citron<\/strong><br \/>\n Petit arbre de forme irr\u00e9guli\u00e8re et large et aux feuilles vertes ovales.<br \/>\n Au printemps, des fleurs blanches parfum\u00e9es teint\u00e9es de rose apparaissent, tandis qu&#8217;en automne apparaissent les fruits jaunes ovo\u00efdes communs.<\/p>\n","protected":false},"featured_media":3966,"template":"","meta":{"ngg_post_thumbnail":0},"product_brand":[],"product_cat":[128],"product_tag":[],"class_list":{"0":"post-9495","1":"product","2":"type-product","3":"status-publish","4":"has-post-thumbnail","6":"product_cat-arbres","8":"first","9":"instock","10":"shipping-taxable","11":"purchasable","12":"product-type-variable"},"aioseo_notices":[],"_links":{"self":[{"href":"https:\/\/vivaiacciarri.it\/fr\/wp-json\/wp\/v2\/product\/9495","targetHints":{"allow":["GET"]}}],"collection":[{"href":"https:\/\/vivaiacciarri.it\/fr\/wp-json\/wp\/v2\/product"}],"about":[{"href":"https:\/\/vivaiacciarri.it\/fr\/wp-json\/wp\/v2\/types\/product"}],"wp:featuredmedia":[{"embeddable":true,"href":"https:\/\/vivaiacciarri.it\/fr\/wp-json\/wp\/v2\/media\/3966"}],"wp:attachment":[{"href":"https:\/\/vivaiacciarri.it\/fr\/wp-json\/wp\/v2\/media?parent=9495"}],"wp:term":[{"taxonomy":"product_brand","embeddable":true,"href":"https:\/\/vivaiacciarri.it\/fr\/wp-json\/wp\/v2\/product_brand?post=9495"},{"taxonomy":"product_cat","embeddable":true,"href":"https:\/\/vivaiacciarri.it\/fr\/wp-json\/wp\/v2\/product_cat?post=9495"},{"taxonomy":"product_tag","embeddable":true,"href":"https:\/\/vivaiacciarri.it\/fr\/wp-json\/wp\/v2\/product_tag?post=9495"}],"curies":[{"name":"wp","href":"https:\/\/api.w.org\/{rel}","templated":true}]}}