{"id":9250,"date":"2020-08-26T13:04:46","date_gmt":"2020-08-26T11:04:46","guid":{"rendered":"https:\/\/vivaiacciarri.it\/prodotti\/jeune-arbre-nerium-apocynaceae\/"},"modified":"2020-08-26T13:04:46","modified_gmt":"2020-08-26T11:04:46","slug":"jeune-arbre-nerium-apocynaceae","status":"publish","type":"product","link":"https:\/\/vivaiacciarri.it\/fr\/produits\/jeune-arbre-nerium-apocynaceae\/","title":{"rendered":"Jeune arbre Nerium (Apocynaceae)"},"content":{"rendered":"","protected":false},"excerpt":{"rendered":"<p><strong>Laurier-rose, laurier-rose<\/strong><br \/>\n Plante m\u00e9diterran\u00e9enne par excellence, c&#8217;est une plante persistante compacte et arrondie qui, gr\u00e2ce \u00e0 sa r\u00e9sistance au sel, embellit toutes nos stations baln\u00e9aires. Elle se caract\u00e9rise par des feuilles vertes lanc\u00e9ol\u00e9es, des fleurs abondantes et color\u00e9es en \u00e9t\u00e9 et des fruits qui apparaissent apr\u00e8s la floraison dans des gousses allong\u00e9es contenant des graines duveteuses. <\/p>\n<ul>\n<li><em><strong>Madame Allen :<\/strong><\/em> simple fleur rose<\/li>\n<li><strong><em>Chapelet :<\/em><\/strong> fleur semi-double rose saumon<\/li>\n<li><em><strong>Jannoch :<\/strong><\/em> fleurs simples rouge sang<\/li>\n<li><strong><em>Soeur Agn\u00e9s :<\/em><\/strong> simple fleur blanche<\/li>\n<li><em><strong>Alsace :<\/strong><\/em> fleur simple blanc ros\u00e9<\/li>\n<li><strong><em>Maria Gambetta :<\/em><\/strong> fleur jaune vif simple<\/li>\n<li><em><strong>Tito Poggi :<\/strong><\/em> fleur d&#8217;abricot simple<\/li>\n<li><strong><em>Papa Gambetta :<\/em><\/strong> fleur rouge vif\/corail simple<\/li>\n<li><em><strong>Angiolo Pucci :<\/strong><\/em> fleur semi-double jaune ivoire<\/li>\n<li><strong><em>Maravenne :<\/em><\/strong> fleur rouge sang simple (naine)<\/li>\n<\/ul>\n","protected":false},"featured_media":8105,"template":"","meta":{"ngg_post_thumbnail":0},"product_brand":[],"product_cat":[128],"product_tag":[],"class_list":{"0":"post-9250","1":"product","2":"type-product","3":"status-publish","4":"has-post-thumbnail","6":"product_cat-arbres","8":"first","9":"instock","10":"shipping-taxable","11":"purchasable","12":"product-type-variable"},"aioseo_notices":[],"_links":{"self":[{"href":"https:\/\/vivaiacciarri.it\/fr\/wp-json\/wp\/v2\/product\/9250","targetHints":{"allow":["GET"]}}],"collection":[{"href":"https:\/\/vivaiacciarri.it\/fr\/wp-json\/wp\/v2\/product"}],"about":[{"href":"https:\/\/vivaiacciarri.it\/fr\/wp-json\/wp\/v2\/types\/product"}],"wp:featuredmedia":[{"embeddable":true,"href":"https:\/\/vivaiacciarri.it\/fr\/wp-json\/wp\/v2\/media\/8105"}],"wp:attachment":[{"href":"https:\/\/vivaiacciarri.it\/fr\/wp-json\/wp\/v2\/media?parent=9250"}],"wp:term":[{"taxonomy":"product_brand","embeddable":true,"href":"https:\/\/vivaiacciarri.it\/fr\/wp-json\/wp\/v2\/product_brand?post=9250"},{"taxonomy":"product_cat","embeddable":true,"href":"https:\/\/vivaiacciarri.it\/fr\/wp-json\/wp\/v2\/product_cat?post=9250"},{"taxonomy":"product_tag","embeddable":true,"href":"https:\/\/vivaiacciarri.it\/fr\/wp-json\/wp\/v2\/product_tag?post=9250"}],"curies":[{"name":"wp","href":"https:\/\/api.w.org\/{rel}","templated":true}]}}