{"id":9240,"date":"2020-08-24T12:43:04","date_gmt":"2020-08-24T10:43:04","guid":{"rendered":"https:\/\/vivaiacciarri.it\/prodotti\/cinnamonum-camphora-tree-lauraceae\/"},"modified":"2020-08-24T12:43:04","modified_gmt":"2020-08-24T10:43:04","slug":"cinnamonum-camphora-tree-lauraceae","status":"publish","type":"product","link":"https:\/\/vivaiacciarri.it\/fr\/produits\/cinnamonum-camphora-tree-lauraceae\/","title":{"rendered":"Cinnamonum Camphora Tree (Lauraceae)"},"content":{"rendered":"","protected":false},"excerpt":{"rendered":"<p style=\"margin-bottom: 16px;\"><em><strong>Camphora, camphrier<\/strong><\/em><br \/>\n Arbuste persistant au port dress\u00e9, \u00e0 l&#8217;\u00e9corce gris-vert et \u00e0 la couronne bien ramifi\u00e9e.<br \/>\n Bien connu pour sa croissance vigoureuse, mais surtout pour l&#8217;huile qui en est extraite, largement utilis\u00e9e dans le domaine pharmaceutique.<\/p>\n","protected":false},"featured_media":3270,"template":"","meta":{"ngg_post_thumbnail":0},"product_brand":[],"product_cat":[128],"product_tag":[],"class_list":{"0":"post-9240","1":"product","2":"type-product","3":"status-publish","4":"has-post-thumbnail","6":"product_cat-arbres","8":"first","9":"instock","10":"shipping-taxable","11":"purchasable","12":"product-type-variable"},"aioseo_notices":[],"_links":{"self":[{"href":"https:\/\/vivaiacciarri.it\/fr\/wp-json\/wp\/v2\/product\/9240","targetHints":{"allow":["GET"]}}],"collection":[{"href":"https:\/\/vivaiacciarri.it\/fr\/wp-json\/wp\/v2\/product"}],"about":[{"href":"https:\/\/vivaiacciarri.it\/fr\/wp-json\/wp\/v2\/types\/product"}],"wp:featuredmedia":[{"embeddable":true,"href":"https:\/\/vivaiacciarri.it\/fr\/wp-json\/wp\/v2\/media\/3270"}],"wp:attachment":[{"href":"https:\/\/vivaiacciarri.it\/fr\/wp-json\/wp\/v2\/media?parent=9240"}],"wp:term":[{"taxonomy":"product_brand","embeddable":true,"href":"https:\/\/vivaiacciarri.it\/fr\/wp-json\/wp\/v2\/product_brand?post=9240"},{"taxonomy":"product_cat","embeddable":true,"href":"https:\/\/vivaiacciarri.it\/fr\/wp-json\/wp\/v2\/product_cat?post=9240"},{"taxonomy":"product_tag","embeddable":true,"href":"https:\/\/vivaiacciarri.it\/fr\/wp-json\/wp\/v2\/product_tag?post=9240"}],"curies":[{"name":"wp","href":"https:\/\/api.w.org\/{rel}","templated":true}]}}